{"id":2312,"date":"2017-05-15T13:17:38","date_gmt":"2017-05-15T13:17:38","guid":{"rendered":"http:\/\/handmade.bold-themes.com\/main-demo\/?page_id=17"},"modified":"2026-02-22T16:50:08","modified_gmt":"2026-02-22T15:50:08","slug":"contact","status":"publish","type":"page","link":"https:\/\/chollenti.com\/de\/contact\/","title":{"rendered":"Kontakt"},"content":{"rendered":"<p><section data-bb-version=\"5.6.3\" id=\"bt_bb_section69e36083d4126\" class=\"bt_bb_section bt_bb_color_scheme_1 bt_bb_layout_boxed_1200 bt_bb_vertical_align_top bt_bb_top_spacing_large bt_bb_bottom_spacing_large\" style=\"; --section-primary-color:#ffffff; --section-secondary-color:#191919;\" data-bt-override-class=\"{&quot;bt_bb_top_spacing_&quot;:{&quot;current_class&quot;:&quot;bt_bb_top_spacing_large&quot;,&quot;def&quot;:&quot;large&quot;},&quot;bt_bb_bottom_spacing_&quot;:{&quot;current_class&quot;:&quot;bt_bb_bottom_spacing_large&quot;,&quot;def&quot;:&quot;large&quot;},&quot;bt_bb_animation_&quot;:{&quot;current_class&quot;:&quot;bt_bb_animation_no_animation&quot;,&quot;def&quot;:&quot;no_animation&quot;}}\"><div class=\"bt_bb_background_image_holder_wrapper\"><div class=\"bt_bb_background_image_holder btLazyLoadBackground bt_bb_parallax\"  data-background_image_src=\"https:\/\/chollenti.com\/wp-content\/uploads\/2026\/02\/back_mobile.jpg\" data-parallax=\"0.7\" data-parallax-offset=\"0\" data-parallax-zoom-start=\"1\" data-parallax-zoom-end=\"1\" data-parallax-blur-start=\"0\" data-parallax-blur-end=\"0\" data-parallax-opacity-start=\"1\" data-parallax-opacity-end=\"1\" style=\" background-image: url(&#039;https:\/\/chollenti.com\/wp-content\/plugins\/bold-page-builder\/img\/blank.gif&#039;);\"><\/div><\/div><div class=\"bt_bb_port\"><div class=\"bt_bb_cell\"><div class=\"bt_bb_cell_inner\"><div class=\"bt_bb_row\"  data-bt-override-class=\"{}\"><div class=\"bt_bb_row_holder\" ><div  class=\"bt_bb_column col-xxl-6 col-xl-6 bt_bb_vertical_align_top bt_bb_align_left bt_bb_padding_normal\" style=\"; --column-width:6;\" data-width=\"6\" data-bt-override-class=\"{}\"><div class=\"bt_bb_column_content\"><div class=\"bt_bb_column_content_inner\"><div class=\"bt_bb_separator bt_bb_border_style_none bt_bb_top_spacing_medium\" data-bt-override-class=\"null\"><\/div><header data-bb-version=\"5.6.4\" class=\"bt_bb_headline bt_bb_dash_none bt_bb_subheadline bt_bb_size_medium bt_bb_align_inherit\" style=\";color:rgb(0,0,0);border-color:rgb(0,0,0);\" data-bt-override-class=\"{&quot;bt_bb_size_&quot;:{&quot;current_class&quot;:&quot;bt_bb_size_medium&quot;,&quot;def&quot;:&quot;medium&quot;},&quot;bt_bb_align_&quot;:{&quot;current_class&quot;:&quot;bt_bb_align_inherit&quot;,&quot;def&quot;:&quot;inherit&quot;},&quot;bt_bb_animation_&quot;:{&quot;current_class&quot;:&quot;bt_bb_animation_no_animation&quot;,&quot;def&quot;:&quot;no_animation&quot;}}\"><h1 class=\"bt_bb_headline_tag\"><span class=\"bt_bb_headline_content\"><span>Kontaktiere mich<\/span><\/span><\/h1><div class=\"bt_bb_headline_subheadline\">I crochet unique handbags using surplus materials from the textile industry<\/div><\/header><div class=\"bt_bb_separator bt_bb_border_style_none bt_bb_bottom_spacing_medium\" data-bt-override-class=\"null\"><\/div><\/div><\/div><\/div><div  class=\"bt_bb_column col-xxl-6 col-xl-6 bt_bb_vertical_align_top bt_bb_align_left bt_bb_padding_normal\" style=\"; --column-width:6;\" data-width=\"6\" data-bt-override-class=\"{}\"><div class=\"bt_bb_column_content\"><div class=\"bt_bb_column_content_inner\"><\/div><\/div><\/div><\/div><\/div><\/div><!-- cell_inner --><\/div><!-- cell --><\/div><!-- port --><\/section><section data-bb-version=\"5.4.7\" id=\"bt_bb_section69e36083d435d\" class=\"bt_bb_section bt_bb_color_scheme_12 bt_bb_layout_boxed_1200 bt_bb_vertical_align_top bt_bb_top_spacing_large bt_bb_bottom_spacing_large\" style=\"; --section-primary-color:#181818; --section-secondary-color:#e5e5e5;;background-color:rgb(255,255,255);\" data-bt-override-class=\"{&quot;bt_bb_top_spacing_&quot;:{&quot;current_class&quot;:&quot;bt_bb_top_spacing_large&quot;,&quot;def&quot;:&quot;large&quot;},&quot;bt_bb_bottom_spacing_&quot;:{&quot;current_class&quot;:&quot;bt_bb_bottom_spacing_large&quot;,&quot;def&quot;:&quot;large&quot;},&quot;bt_bb_animation_&quot;:{&quot;current_class&quot;:&quot;bt_bb_animation_no_animation&quot;,&quot;def&quot;:&quot;no_animation&quot;}}\"><div class=\"bt_bb_port\"><div class=\"bt_bb_cell\"><div class=\"bt_bb_cell_inner\"><div class=\"bt_bb_row\"  data-bt-override-class=\"{}\"><div class=\"bt_bb_row_holder\" ><div  class=\"bt_bb_column col-xxl-6 col-xl-6 bt_bb_vertical_align_top bt_bb_align_left bt_bb_padding_double\" style=\"; --column-width:6;\" data-width=\"6\" data-bt-override-class=\"{}\"><div class=\"bt_bb_column_content\"><div class=\"bt_bb_column_content_inner\"><header data-bb-version=\"5.4.7\" class=\"bt_bb_headline bt_bb_color_scheme_5 bt_bb_dash_none bt_bb_subheadline bt_bb_size_normal bt_bb_align_inherit\" style=\"; --primary-color:#191919; --secondary-color:#eabf00;\" data-bt-override-class=\"{&quot;bt_bb_size_&quot;:{&quot;current_class&quot;:&quot;bt_bb_size_normal&quot;,&quot;def&quot;:&quot;normal&quot;},&quot;bt_bb_align_&quot;:{&quot;current_class&quot;:&quot;bt_bb_align_inherit&quot;,&quot;def&quot;:&quot;inherit&quot;},&quot;bt_bb_animation_&quot;:{&quot;current_class&quot;:&quot;bt_bb_animation_no_animation&quot;,&quot;def&quot;:&quot;no_animation&quot;}}\"><h2 class=\"bt_bb_headline_tag\"><span class=\"bt_bb_headline_content\"><span>NIMM KONTAKT AUF<\/span><\/span><\/h2><div class=\"bt_bb_headline_subheadline\">Chollenti.com<\/div><\/header><div class=\"bt_bb_separator bt_bb_border_style_none bt_bb_top_spacing_medium\" data-bt-override-class=\"null\"><\/div><div  class=\"bt_bb_text\" ><\/p>\n<p>Jede gro\u00dfartige Tasche beginnt mit einer gro\u00dfartigen Idee \u2013 deiner!<br \/><br data-start=\"1023\" data-end=\"1026\" \/>Schreib mir eine E-Mail f\u00fcr Bestellungen, individuelle Designs oder einen pers\u00f6nlichen Austausch.<\/p>\n<p>\n<\/div><div class=\"bt_bb_separator bt_bb_border_style_none bt_bb_top_spacing_medium\" data-bt-override-class=\"null\"><\/div><\/div><\/div><\/div><div  class=\"bt_bb_column col-xxl-6 col-xl-6 bt_bb_vertical_align_top bt_bb_align_left bt_bb_padding_double\" style=\"; --column-width:6;\" data-width=\"6\" data-bt-override-class=\"{}\"><div class=\"bt_bb_column_content\"><div class=\"bt_bb_column_content_inner\"><div  class=\"bt_bb_text\" ><\/p>\n<div class=\"wpcf7 no-js\" id=\"wpcf7-f1178-o1\" lang=\"en-US\" dir=\"ltr\" data-wpcf7-id=\"1178\">\n<div class=\"screen-reader-response\">\n<p role=\"status\" aria-live=\"polite\" aria-atomic=\"true\">\n<ul><\/ul>\n<\/div>\n<form action=\"\/de\/wp-json\/wp\/v2\/pages\/2312#wpcf7-f1178-o1\" method=\"post\" class=\"wpcf7-form init\" aria-label=\"Contact form\" novalidate=\"novalidate\" data-status=\"init\" data-trp-original-action=\"\/de\/wp-json\/wp\/v2\/pages\/2312#wpcf7-f1178-o1\">\n<fieldset class=\"hidden-fields-container\"><input type=\"hidden\" name=\"_wpcf7\" value=\"1178\" \/><input type=\"hidden\" name=\"_wpcf7_version\" value=\"6.1.5\" \/><input type=\"hidden\" name=\"_wpcf7_locale\" value=\"en_US\" \/><input type=\"hidden\" name=\"_wpcf7_unit_tag\" value=\"wpcf7-f1178-o1\" \/><input type=\"hidden\" name=\"_wpcf7_container_post\" value=\"0\" \/><input type=\"hidden\" name=\"_wpcf7_posted_data_hash\" value=\"\" \/><br \/>\n<\/fieldset>\n<p><span id=\"wpcf7-69e36083d534a-wrapper\" class=\"wpcf7-form-control-wrap honeypot-623-wrap\" style=\"display:none !important; visibility:hidden !important;\"><label for=\"wpcf7-69e36083d534a-field\" class=\"hp-message\">Please leave this field empty.<\/label><input id=\"wpcf7-69e36083d534a-field\"  class=\"wpcf7-form-control wpcf7-text\" type=\"text\" name=\"honeypot-623\" value=\"\" size=\"40\" tabindex=\"-1\" autocomplete=\"new-password\" \/><\/span>\n<\/p>\n<div class=\"boldRow btContactRow\">\n<div class=\"btContactRowInput btContactRowInputFlex\">\n<div class=\"btContactInputName\">\n<p><span class=\"wpcf7-form-control-wrap\" data-name=\"your-name\"><input size=\"40\" maxlength=\"400\" class=\"wpcf7-form-control wpcf7-text wpcf7-validates-as-required\" aria-required=\"true\" aria-invalid=\"false\" placeholder=\"Name\" value=\"\" type=\"text\" name=\"your-name\" \/><\/span>\n\t\t\t<\/p>\n<\/p><\/div>\n<div class=\"btContactInputEmail\">\n<p><span class=\"wpcf7-form-control-wrap\" data-name=\"your-email\"><input size=\"40\" maxlength=\"400\" class=\"wpcf7-form-control wpcf7-email wpcf7-validates-as-required wpcf7-text wpcf7-validates-as-email\" aria-required=\"true\" aria-invalid=\"false\" placeholder=\"Email\" value=\"\" type=\"email\" name=\"your-email\" \/><\/span>\n\t\t\t<\/p>\n<\/p><\/div>\n<\/p><\/div>\n<div class=\"btDropDown\">\n<p><span class=\"wpcf7-form-control-wrap\" data-name=\"topic\"><select class=\"wpcf7-form-control wpcf7-select wpcf7-validates-as-required\" aria-required=\"true\" aria-invalid=\"false\" name=\"topic\"><option value=\"\">W\u00e4hle ein Thema<\/option><option value=\"I\u2019m interested in a bag\">Ich interessiere mich f\u00fcr eine Tasche<\/option><option value=\"I have a question about the material\">Ich habe eine Frage zum Material<\/option><option value=\"I\u2019d like a color consultation\">Ich h\u00e4tte gerne eine Farbberatung<\/option><option value=\"Something else\">Etwas anderes<\/option><\/select><\/span>\n\t\t<\/p>\n<\/p><\/div>\n<div class=\"btContactRowInput\">\n<p><span class=\"wpcf7-form-control-wrap\" data-name=\"your-message\"><textarea cols=\"40\" rows=\"10\" maxlength=\"2000\" class=\"wpcf7-form-control wpcf7-textarea\" aria-invalid=\"false\" placeholder=\"Erz\u00e4hl mir kurz, was du dir vorstellst oder welche Farben dich ansprechen.\" name=\"your-message\"><\/textarea><\/span>\n\t\t<\/p>\n<\/p><\/div>\n<div class=\"btContactRowButton\">\n<p><input class=\"wpcf7-form-control wpcf7-submit has-spinner\" type=\"submit\" value=\"Anfrage schicken\" \/>\n\t\t<\/p>\n<\/p><\/div>\n<p><span class=\"wpcf7-form-control-wrap\" data-name=\"zustimmungdaten\"><span class=\"wpcf7-form-control wpcf7-acceptance\"><span class=\"wpcf7-list-item\"><label class=\"translation-block\"><input type=\"checkbox\" name=\"zustimmungdaten\"><span class=\"wpcf7-list-item-label\">Ich akzeptiere | <a href=\"https:\/\/chollenti.com\/de\/data-protection-policy\/\" target=\"_self\">DSGVO<\/a> &amp; <a href=\"https:\/\/https:\/\/chollenti.com\/agp\" target=\"_self\">AGB<\/a><\/span><\/label><\/span><\/span><\/span>\n\t<\/p>\n<\/div>\n<p style=\"display: none !important;\" class=\"akismet-fields-container\" data-prefix=\"_wpcf7_ak_\"><label>&#916;<textarea name=\"_wpcf7_ak_hp_textarea\" cols=\"45\" rows=\"8\" maxlength=\"100\"><\/textarea><\/label><input type=\"hidden\" id=\"ak_js_1\" name=\"_wpcf7_ak_js\" value=\"226\"\/><script>document.getElementById( \"ak_js_1\" ).setAttribute( \"value\", ( new Date() ).getTime() );<\/script><\/p>\n<div class=\"wpcf7-response-output\" aria-hidden=\"true\"><\/div>\n<input type=\"hidden\" name=\"trp-form-language\" value=\"de\"\/><\/form>\n<\/div>\n<p>\n<\/div><\/div><\/div><\/div><\/div><\/div><\/div><!-- cell_inner --><\/div><!-- cell --><\/div><!-- port --><\/section><section data-bb-version=\"5.4.7\" id=\"bt_bb_section69e36083d5fa1\" class=\"bt_bb_section bt_bb_color_scheme_12 bt_bb_layout_boxed_1200 bt_bb_vertical_align_top bt_bb_top_spacing_none bt_bb_bottom_spacing_large\" style=\"; --section-primary-color:#181818; --section-secondary-color:#e5e5e5;;background-color:rgb(255,255,255);\" data-bt-override-class=\"{&quot;bt_bb_top_spacing_&quot;:{&quot;current_class&quot;:&quot;bt_bb_top_spacing_none&quot;,&quot;def&quot;:&quot;none&quot;},&quot;bt_bb_bottom_spacing_&quot;:{&quot;current_class&quot;:&quot;bt_bb_bottom_spacing_large&quot;,&quot;def&quot;:&quot;large&quot;},&quot;bt_bb_animation_&quot;:{&quot;current_class&quot;:&quot;bt_bb_animation_no_animation&quot;,&quot;def&quot;:&quot;no_animation&quot;}}\"><div class=\"bt_bb_port\"><div class=\"bt_bb_cell\"><div class=\"bt_bb_cell_inner\"><div class=\"bt_bb_row\"  data-bt-override-class=\"{}\"><div class=\"bt_bb_row_holder\" ><div  class=\"bt_bb_column col-xxl-8 col-xl-8 col-xs-12 col-sm-12 col-md-12 col-lg-8 bt_bb_vertical_align_top bt_bb_align_left bt_bb_padding_double\" style=\"; --column-width:8;\" data-width=\"8\" data-bt-override-class=\"{}\"><div class=\"bt_bb_column_content\"><div class=\"bt_bb_column_content_inner\"><header data-bb-version=\"5.4.7\" class=\"bt_bb_headline bt_bb_color_scheme_5 bt_bb_dash_none bt_bb_subheadline bt_bb_size_normal bt_bb_align_inherit\" style=\"; --primary-color:#191919; --secondary-color:#eabf00;\" data-bt-override-class=\"{&quot;bt_bb_size_&quot;:{&quot;current_class&quot;:&quot;bt_bb_size_normal&quot;,&quot;def&quot;:&quot;normal&quot;},&quot;bt_bb_align_&quot;:{&quot;current_class&quot;:&quot;bt_bb_align_inherit&quot;,&quot;def&quot;:&quot;inherit&quot;},&quot;bt_bb_animation_&quot;:{&quot;current_class&quot;:&quot;bt_bb_animation_no_animation&quot;,&quot;def&quot;:&quot;no_animation&quot;}}\"><h2 class=\"bt_bb_headline_tag\"><span class=\"bt_bb_headline_content\"><span>FAQ<\/span><\/span><\/h2><div class=\"bt_bb_headline_subheadline\">Du hast eine Frage? Du k\u00f6nntest sie hier finden.<\/div><\/header><div class=\"bt_bb_separator bt_bb_border_style_none bt_bb_top_spacing_medium\" data-bt-override-class=\"null\"><\/div><div data-bb-version=\"5.4.7\" class=\"bt_bb_accordion bt_bb_style_outline bt_bb_shape_square\" data-closed=\"closed\"><div data-bb-version=\"5.4.7\" class=\"bt_bb_accordion_item\"><div class=\"bt_bb_accordion_item_title\">Wie kann ich eine CHOLLENTI bestellen?<\/div><div class=\"bt_bb_accordion_item_content\"><div data-bb-version=\"4.9.1\"  class=\"bt_bb_text\" ><\/p>\n<p class=\"translation-block\">Jede CHOLLENTI wird auf Bestellung gefertigt.<br>Nimm einfach \u00fcber das Kontaktformular Kontakt mit uns auf, und gemeinsam finden wir die Farbe, den Stil und die Details, die am besten zu dir passen.<\/p>\n<p>\n<\/div><\/div><\/div><div data-bb-version=\"5.4.7\" class=\"bt_bb_accordion_item\"><div class=\"bt_bb_accordion_item_title\"> Wieviel kostet der Versand?<\/div><div class=\"bt_bb_accordion_item_content\"><div data-bb-version=\"4.9.1\"  class=\"bt_bb_text\" ><\/p>\n<p>Die Versandkosten sind vom K\u00e4ufer selbst zu tragen und kosten innerhalb von \u00d6sterreich 6,50\u20ac, nach Deutschland 17,70\u20ac.<\/p>\n<p>\n<\/div><\/div><\/div><div data-bb-version=\"5.4.7\" class=\"bt_bb_accordion_item\"><div class=\"bt_bb_accordion_item_title\">Wie lange dauert die Herstellung meiner Tasche?<\/div><div class=\"bt_bb_accordion_item_content\"><div data-bb-version=\"4.9.1\"  class=\"bt_bb_text\" ><\/p>\n<p>Da jede CHOLLENTI von Hand geh\u00e4kelt wird, braucht sie ein wenig Zeit.<br \/>In der Regel dauert der Prozess etwa 2\u20134 Wochen \u2013 je nach aktueller Auftragslage und Materialverf\u00fcgbarkeit.<br \/>Ich halte dich w\u00e4hrenddessen pers\u00f6nlich \u00fcber jeden Schritt auf dem Laufenden.<\/p>\n<p>\n<\/div><\/div><\/div><div data-bb-version=\"5.4.7\" class=\"bt_bb_accordion_item\"><div class=\"bt_bb_accordion_item_title\">Welche Materialien werden verwendet?<\/div><div class=\"bt_bb_accordion_item_content\"><div data-bb-version=\"4.9.1\"  class=\"bt_bb_text\" ><\/p>\n<p>Ich verwende recyceltes T-Shirt-Garn aus Portugal, das aus \u00fcbersch\u00fcssigen Materialien der Textilindustrie gewonnen wird.<br \/>Da jede Farbe nur in begrenzter St\u00fcckzahl verf\u00fcgbar ist, ist jede Tasche ein besonderes Unikat.<\/p>\n<p>\n<\/div><\/div><\/div><div data-bb-version=\"5.4.7\" class=\"bt_bb_accordion_item\"><div class=\"bt_bb_accordion_item_title\">Kann ich meine Tasche farblich individuell gestalten?<\/div><div class=\"bt_bb_accordion_item_content\"><div data-bb-version=\"4.9.1\"  class=\"bt_bb_text\" ><\/p>\n<p class=\"translation-block\">Ja, absolut \u2013 genau darum geht es bei CHOLLENTI.<br>Du kannst aus meiner aktuellen Garnauswahl w\u00e4hlen und deine ganz pers\u00f6nliche Kombination zusammenstellen \u2013 einfarbig oder als Mix aus zwei bis drei T\u00f6nen.<br>Gerne helfe ich dir dabei, die perfekte Farbkombination zu finden.<\/p>\n<p>\n<\/div><\/div><\/div><div data-bb-version=\"5.4.7\" class=\"bt_bb_accordion_item\"><div class=\"bt_bb_accordion_item_title\">Wie pflege ich meine CHOLLENTI am besten?<\/div><div class=\"bt_bb_accordion_item_content\"><div data-bb-version=\"4.9.1\"  class=\"bt_bb_text\" ><\/p>\n<p class=\"translation-block\">Deine Chollenti ist ein bisschen schmutzig geworden?<br>Keine Sorge \u2014 eine schonende Handw\u00e4sche mit lauwarmem Wasser und mildem Waschmittel macht sie wieder sauber.<br>Bitte entferne alle Metallteile \u2014 das Logo kann dranbleiben.<br>Nicht im Trockner trocknen.<br>\nZum Trocknen ge\u00f6ffnet bei Raumtemperatur an der Luft trocknen lassen.<br>Bitte nicht b\u00fcgeln.<\/p>\n<p>\n<\/div><\/div><\/div><div data-bb-version=\"5.4.7\" class=\"bt_bb_accordion_item\"><div class=\"bt_bb_accordion_item_title\">Wie erfolgt die Bezahlung?<\/div><div class=\"bt_bb_accordion_item_content\"><div data-bb-version=\"4.9.1\"  class=\"bt_bb_text\" ><\/p>\n<p class=\"translation-block\">Nach deiner Bestellung erh\u00e4ltst du alle Zahlungsinformationen per E-Mail.<br>Die Zahlung erfolgt ganz unkompliziert per Bank\u00fcberweisung.<br>Sobald die Zahlung eingegangen ist, beginne ich mit der Anfertigung deiner Tasche.<\/p>\n<p>\n<\/div><\/div><\/div><div data-bb-version=\"5.4.7\" class=\"bt_bb_accordion_item\"><div class=\"bt_bb_accordion_item_title\">Wie erfolgt die Lieferung?<\/div><div class=\"bt_bb_accordion_item_content\"><div data-bb-version=\"4.9.1\"  class=\"bt_bb_text\" ><\/p>\n<p><span data-sheets-root=\"1\">Ich versende innerhalb \u00d6sterreichs und nach Absprache auch international.<br \/>Alternativ ist auch eine pers\u00f6nliche \u00dcbergabe in Wien m\u00f6glich. \u2728<\/span><\/p>\n<p>\n<\/div><\/div><\/div><div data-bb-version=\"5.4.7\" class=\"bt_bb_accordion_item\"><div class=\"bt_bb_accordion_item_title\">Kann ich meine CHOLLENTI zur\u00fcckgeben oder umtauschen?<\/div><div class=\"bt_bb_accordion_item_content\"><div data-bb-version=\"4.9.1\"  class=\"bt_bb_text\" ><\/p>\n<p class=\"translation-block\">Da jede CHOLLENTI individuell nach Wunsch und auf Anfrage gefertigt wird, besteht gem\u00e4\u00df \u00a7 18 Abs. 1 Z 3 FAGG kein R\u00fccktritts- oder Umtauschrecht.\nSolltest aber wirklich nicht gl\u00fccklich sein, finden wir gemeinsam eine L\u00f6sung.<\/p>\n<p>\n<\/div><\/div><\/div><\/div><div class=\"bt_bb_separator bt_bb_border_style_none bt_bb_top_spacing_medium\" data-bt-override-class=\"null\"><\/div><\/div><\/div><\/div><div  class=\"bt_bb_column col-xxl-4 col-xl-4 col-xs-12 col-sm-12 col-md-12 col-lg-4 bt_bb_vertical_align_top bt_bb_align_left bt_bb_padding_double\" style=\"; --column-width:4;\" data-width=\"4\" data-bt-override-class=\"{}\"><div class=\"bt_bb_column_content\"><div class=\"bt_bb_column_content_inner\"><\/div><\/div><\/div><\/div><\/div><\/div><!-- cell_inner --><\/div><!-- cell --><\/div><!-- port --><\/section><\/p>","protected":false},"excerpt":{"rendered":"","protected":false},"author":2,"featured_media":0,"parent":0,"menu_order":0,"comment_status":"closed","ping_status":"closed","template":"","meta":{"_themeisle_gutenberg_block_has_review":false,"footnotes":""},"class_list":["post-2312","page","type-page","status-publish","hentry"],"_links":{"self":[{"href":"https:\/\/chollenti.com\/de\/wp-json\/wp\/v2\/pages\/2312","targetHints":{"allow":["GET"]}}],"collection":[{"href":"https:\/\/chollenti.com\/de\/wp-json\/wp\/v2\/pages"}],"about":[{"href":"https:\/\/chollenti.com\/de\/wp-json\/wp\/v2\/types\/page"}],"author":[{"embeddable":true,"href":"https:\/\/chollenti.com\/de\/wp-json\/wp\/v2\/users\/2"}],"replies":[{"embeddable":true,"href":"https:\/\/chollenti.com\/de\/wp-json\/wp\/v2\/comments?post=2312"}],"version-history":[{"count":21,"href":"https:\/\/chollenti.com\/de\/wp-json\/wp\/v2\/pages\/2312\/revisions"}],"predecessor-version":[{"id":3807,"href":"https:\/\/chollenti.com\/de\/wp-json\/wp\/v2\/pages\/2312\/revisions\/3807"}],"wp:attachment":[{"href":"https:\/\/chollenti.com\/de\/wp-json\/wp\/v2\/media?parent=2312"}],"curies":[{"name":"wp","href":"https:\/\/api.w.org\/{rel}","templated":true}]}}